{"id":2448,"date":"2019-07-22T16:17:17","date_gmt":"2019-07-22T19:17:17","guid":{"rendered":"http:\/\/astreinamentos.com.br\/lk\/?page_id=2448"},"modified":"2023-05-02T17:28:14","modified_gmt":"2023-05-02T20:28:14","slug":"ebook-checklist-samba","status":"publish","type":"page","link":"https:\/\/astreinamentos.com.br\/lk\/ebook-checklist-samba\/","title":{"rendered":"Ebook Gr\u00e1tis Checklist Samba 4 &#8211; Vers\u00e3o Atualizada Gr\u00e1tis"},"content":{"rendered":"\t\t<div data-elementor-type=\"wp-post\" data-elementor-id=\"2448\" class=\"elementor elementor-2448\" data-elementor-post-type=\"page\">\n\t\t\t\t\t\t<section class=\"elementor-section elementor-top-section elementor-element elementor-element-25117779 elementor-section-content-middle elementor-section-boxed elementor-section-height-default elementor-section-height-default\" data-id=\"25117779\" data-element_type=\"section\" data-settings=\"{&quot;_ha_eqh_enable&quot;:false}\">\n\t\t\t\t\t\t<div class=\"elementor-container elementor-column-gap-default\">\n\t\t\t\t\t<div class=\"elementor-column elementor-col-50 elementor-top-column elementor-element elementor-element-1980b66d\" data-id=\"1980b66d\" data-element_type=\"column\">\n\t\t\t<div class=\"elementor-widget-wrap elementor-element-populated\">\n\t\t\t\t\t\t<div class=\"elementor-element elementor-element-5dbed891 elementor-widget elementor-widget-heading\" data-id=\"5dbed891\" data-element_type=\"widget\" data-settings=\"{&quot;_animation&quot;:&quot;none&quot;}\" data-widget_type=\"heading.default\">\n\t\t\t\t<div class=\"elementor-widget-container\">\n\t\t\t<h1 class=\"elementor-heading-title elementor-size-default\">Ebook Checklist Samba 4<\/h1>\t\t<\/div>\n\t\t\t\t<\/div>\n\t\t\t\t<div class=\"elementor-element elementor-element-0f584f0 elementor-widget elementor-widget-heading\" data-id=\"0f584f0\" data-element_type=\"widget\" data-widget_type=\"heading.default\">\n\t\t\t\t<div class=\"elementor-widget-container\">\n\t\t\t<h2 class=\"elementor-heading-title elementor-size-default\"><span style=\"color: rgb(39, 48, 55); font-family: Montserrat, sans-serif; font-size: 30px; white-space: normal;\">Aumente a efici\u00eancia do seu projeto de Active Directory e servidor de arquivos Linux com a este checklist.<\/span><\/h2>\t\t<\/div>\n\t\t\t\t<\/div>\n\t\t\t\t<div class=\"elementor-element elementor-element-b3b07d3 elementor-widget elementor-widget-heading\" data-id=\"b3b07d3\" data-element_type=\"widget\" data-widget_type=\"heading.default\">\n\t\t\t\t<div class=\"elementor-widget-container\">\n\t\t\t<h2 class=\"elementor-heading-title elementor-size-default\">O guia para n\u00e3o errar na implata\u00e7\u00e3o do Samba 4.<\/h2>\t\t<\/div>\n\t\t\t\t<\/div>\n\t\t\t\t<div class=\"elementor-element elementor-element-811784e elementor-widget elementor-widget-html\" data-id=\"811784e\" data-element_type=\"widget\" data-widget_type=\"html.default\">\n\t\t\t\t<div class=\"elementor-widget-container\">\n\t\t\t<script id=\"form-script-tag-5549852\" src=\"https:\/\/www.asroot.com.br\/public\/remote\/page\/82066644fc07e6d81bc23db3caf33e30e84858e.js\"><\/script>\t\t<\/div>\n\t\t\t\t<\/div>\n\t\t\t\t\t<\/div>\n\t\t<\/div>\n\t\t\t\t<div class=\"elementor-column elementor-col-50 elementor-top-column elementor-element elementor-element-7aec6af6\" data-id=\"7aec6af6\" data-element_type=\"column\">\n\t\t\t<div class=\"elementor-widget-wrap elementor-element-populated\">\n\t\t\t\t\t\t<div class=\"elementor-element elementor-element-0d73322 elementor-widget elementor-widget-image\" data-id=\"0d73322\" data-element_type=\"widget\" data-settings=\"{&quot;_animation&quot;:&quot;none&quot;}\" data-widget_type=\"image.default\">\n\t\t\t\t<div class=\"elementor-widget-container\">\n\t\t\t\t\t\t\t\t\t\t\t\t\t<img fetchpriority=\"high\" decoding=\"async\" width=\"468\" height=\"676\" src=\"https:\/\/astreinamentos.com.br\/lk\/wp-content\/uploads\/2019\/07\/capa-checklist-468.png\" class=\"attachment-medium_large size-medium_large wp-image-2452\" alt=\"\" srcset=\"https:\/\/astreinamentos.com.br\/lk\/wp-content\/uploads\/2019\/07\/capa-checklist-468.png 468w, https:\/\/astreinamentos.com.br\/lk\/wp-content\/uploads\/2019\/07\/capa-checklist-468-208x300.png 208w\" sizes=\"(max-width: 468px) 100vw, 468px\" \/>\t\t\t\t\t\t\t\t\t\t\t\t\t<\/div>\n\t\t\t\t<\/div>\n\t\t\t\t\t<\/div>\n\t\t<\/div>\n\t\t\t\t\t<\/div>\n\t\t<\/section>\n\t\t\t\t<section class=\"elementor-section elementor-top-section elementor-element elementor-element-523f606e elementor-section-boxed elementor-section-height-default elementor-section-height-default\" data-id=\"523f606e\" data-element_type=\"section\" data-settings=\"{&quot;background_background&quot;:&quot;gradient&quot;,&quot;_ha_eqh_enable&quot;:false}\">\n\t\t\t\t\t\t\t<div class=\"elementor-background-overlay\"><\/div>\n\t\t\t\t\t\t\t<div class=\"elementor-container elementor-column-gap-default\">\n\t\t\t\t\t<div class=\"elementor-column elementor-col-100 elementor-top-column elementor-element elementor-element-405bcc1b\" data-id=\"405bcc1b\" data-element_type=\"column\">\n\t\t\t<div class=\"elementor-widget-wrap elementor-element-populated\">\n\t\t\t\t\t\t<div class=\"elementor-element elementor-element-777a4f58 elementor-widget elementor-widget-heading\" data-id=\"777a4f58\" data-element_type=\"widget\" data-settings=\"{&quot;_animation&quot;:&quot;none&quot;}\" data-widget_type=\"heading.default\">\n\t\t\t\t<div class=\"elementor-widget-container\">\n\t\t\t<h2 class=\"elementor-heading-title elementor-size-default\"><b>12 \u00cdTENS A SEREM ANALIZADOS<br><\/b>antes De colocar em produ\u00e7\u00e3o<\/h2>\t\t<\/div>\n\t\t\t\t<\/div>\n\t\t\t\t<div class=\"elementor-element elementor-element-59f78848 elementor-widget elementor-widget-text-editor\" data-id=\"59f78848\" data-element_type=\"widget\" data-settings=\"{&quot;_animation&quot;:&quot;none&quot;}\" data-widget_type=\"text-editor.default\">\n\t\t\t\t<div class=\"elementor-widget-container\">\n\t\t\t\t\t\t\t<p><span style=\"text-align: center; background-color: transparent;\">\u00a0<\/span><span style=\"background-color: transparent; font-size: 1rem;\">Requisitos do Servidor\u00a0<\/span><span style=\"text-align: center; background-color: transparent;\"><img decoding=\"async\" class=\"emoji\" draggable=\"false\" src=\"https:\/\/s.w.org\/images\/core\/emoji\/12.0.0-1\/svg\/2705.svg\" alt=\"\u2705\" \/>\u00a0<\/span><span style=\"background-color: transparent; font-size: 1rem;\">Escolha da distribui\u00e7\u00e3o\u00a0<\/span><span style=\"text-align: center; background-color: transparent;\"><img decoding=\"async\" class=\"emoji\" draggable=\"false\" src=\"https:\/\/s.w.org\/images\/core\/emoji\/12.0.0-1\/svg\/2705.svg\" alt=\"\u2705\" \/>\u00a0<\/span><span style=\"background-color: transparent; font-size: 1rem;\">Modo de Instala\u00e7\u00e3o\u00a0<\/span><span style=\"text-align: center; background-color: transparent;\"><img decoding=\"async\" class=\"emoji\" draggable=\"false\" src=\"https:\/\/s.w.org\/images\/core\/emoji\/12.0.0-1\/svg\/2705.svg\" alt=\"\u2705\" \/>\u00a0<\/span><span style=\"background-color: transparent; font-size: 1rem;\">Escolha de HDs\u00a0<\/span><span style=\"text-align: center; background-color: transparent;\"><img decoding=\"async\" class=\"emoji\" draggable=\"false\" src=\"https:\/\/s.w.org\/images\/core\/emoji\/12.0.0-1\/svg\/2705.svg\" alt=\"\u2705\" \/>\u00a0<\/span><span style=\"background-color: transparent; font-size: 1rem;\">Armazenamento\u00a0<\/span><span style=\"text-align: center; background-color: transparent;\"><img decoding=\"async\" class=\"emoji\" draggable=\"false\" src=\"https:\/\/s.w.org\/images\/core\/emoji\/12.0.0-1\/svg\/2705.svg\" alt=\"\u2705\" \/><\/span><span style=\"background-color: transparent; font-size: 1rem;\">\u00a0\u00a0<\/span><span style=\"background-color: transparent; font-size: 1rem;\">Sistema de arquivos\u00a0<\/span><span style=\"text-align: center; background-color: transparent;\"><img decoding=\"async\" class=\"emoji\" draggable=\"false\" src=\"https:\/\/s.w.org\/images\/core\/emoji\/12.0.0-1\/svg\/2705.svg\" alt=\"\u2705\" \/>\u00a0<\/span><span style=\"background-color: transparent; font-size: 1rem;\">Particionamento\u00a0<\/span><span style=\"text-align: center; background-color: transparent;\"><img decoding=\"async\" class=\"emoji\" draggable=\"false\" src=\"https:\/\/s.w.org\/images\/core\/emoji\/12.0.0-1\/svg\/2705.svg\" alt=\"\u2705\" \/>\u00a0<\/span><span style=\"background-color: transparent; font-size: 1rem;\">O Papel do Samba\u00a0<\/span><span style=\"text-align: center; background-color: transparent;\"><img decoding=\"async\" class=\"emoji\" draggable=\"false\" src=\"https:\/\/s.w.org\/images\/core\/emoji\/12.0.0-1\/svg\/2705.svg\" alt=\"\u2705\" \/>\u00a0<\/span><span style=\"background-color: transparent; font-size: 1rem;\">Escolha do DNS\u00a0<\/span><span style=\"text-align: center; background-color: transparent;\"><img decoding=\"async\" class=\"emoji\" draggable=\"false\" src=\"https:\/\/s.w.org\/images\/core\/emoji\/12.0.0-1\/svg\/2705.svg\" alt=\"\u2705\" \/>\u00a0<\/span><span style=\"background-color: transparent; font-size: 1rem;\">Escolha do nome de dom\u00ednio raiz da floresta AD Samba 4\u00a0<\/span><span style=\"text-align: center; background-color: transparent;\"><img decoding=\"async\" class=\"emoji\" draggable=\"false\" src=\"https:\/\/s.w.org\/images\/core\/emoji\/12.0.0-1\/svg\/2705.svg\" alt=\"\u2705\" \/>\u00a0<\/span><span style=\"background-color: transparent; font-size: 1rem;\">Escolha da placa de rede\u00a0<\/span><span style=\"text-align: center; background-color: transparent;\"><img decoding=\"async\" class=\"emoji\" draggable=\"false\" src=\"https:\/\/s.w.org\/images\/core\/emoji\/12.0.0-1\/svg\/2705.svg\" alt=\"\u2705\" \/>\u00a0<\/span><span style=\"background-color: transparent; font-size: 1rem;\">Seguran\u00e7a<\/span><\/p>\t\t\t\t\t\t<\/div>\n\t\t\t\t<\/div>\n\t\t\t\t\t<\/div>\n\t\t<\/div>\n\t\t\t\t\t<\/div>\n\t\t<\/section>\n\t\t\t\t<section class=\"elementor-section elementor-top-section elementor-element elementor-element-1266a7f5 elementor-section-boxed elementor-section-height-default elementor-section-height-default\" data-id=\"1266a7f5\" data-element_type=\"section\" data-settings=\"{&quot;background_background&quot;:&quot;classic&quot;,&quot;_ha_eqh_enable&quot;:false}\">\n\t\t\t\t\t\t<div class=\"elementor-container elementor-column-gap-default\">\n\t\t\t\t\t<div class=\"elementor-column elementor-col-33 elementor-top-column elementor-element elementor-element-59b3cdb\" data-id=\"59b3cdb\" data-element_type=\"column\">\n\t\t\t<div class=\"elementor-widget-wrap elementor-element-populated\">\n\t\t\t\t\t\t<div class=\"elementor-element elementor-element-a08455d elementor-widget elementor-widget-image\" data-id=\"a08455d\" data-element_type=\"widget\" data-widget_type=\"image.default\">\n\t\t\t\t<div class=\"elementor-widget-container\">\n\t\t\t\t\t\t\t\t\t\t\t\t\t<img decoding=\"async\" width=\"600\" height=\"600\" src=\"https:\/\/astreinamentos.com.br\/lk\/wp-content\/uploads\/2018\/07\/eu-redondo-peb.png\" class=\"attachment-large size-large wp-image-1387\" alt=\"\" srcset=\"https:\/\/astreinamentos.com.br\/lk\/wp-content\/uploads\/2018\/07\/eu-redondo-peb.png 600w, https:\/\/astreinamentos.com.br\/lk\/wp-content\/uploads\/2018\/07\/eu-redondo-peb-150x150.png 150w, https:\/\/astreinamentos.com.br\/lk\/wp-content\/uploads\/2018\/07\/eu-redondo-peb-300x300.png 300w\" sizes=\"(max-width: 600px) 100vw, 600px\" \/>\t\t\t\t\t\t\t\t\t\t\t\t\t<\/div>\n\t\t\t\t<\/div>\n\t\t\t\t\t<\/div>\n\t\t<\/div>\n\t\t\t\t<div class=\"elementor-column elementor-col-33 elementor-top-column elementor-element elementor-element-73a0a6f\" data-id=\"73a0a6f\" data-element_type=\"column\">\n\t\t\t<div class=\"elementor-widget-wrap\">\n\t\t\t\t\t\t\t<\/div>\n\t\t<\/div>\n\t\t\t\t<div class=\"elementor-column elementor-col-33 elementor-top-column elementor-element elementor-element-b70681f\" data-id=\"b70681f\" data-element_type=\"column\">\n\t\t\t<div class=\"elementor-widget-wrap elementor-element-populated\">\n\t\t\t\t\t\t<div class=\"elementor-element elementor-element-c61e96c elementor-widget elementor-widget-heading\" data-id=\"c61e96c\" data-element_type=\"widget\" data-widget_type=\"heading.default\">\n\t\t\t\t<div class=\"elementor-widget-container\">\n\t\t\t<h2 class=\"elementor-heading-title elementor-size-default\">Sobre o Autor<\/h2>\t\t<\/div>\n\t\t\t\t<\/div>\n\t\t\t\t<div class=\"elementor-element elementor-element-7bdc904 elementor-widget elementor-widget-text-editor\" data-id=\"7bdc904\" data-element_type=\"widget\" data-settings=\"{&quot;_animation&quot;:&quot;none&quot;}\" data-widget_type=\"text-editor.default\">\n\t\t\t\t<div class=\"elementor-widget-container\">\n\t\t\t\t\t\t\t<p>Alexander silva diretor e fundador da AS Consultoria &amp; Treinamentos tendo vasta experi\u00eancia em treinamento e capacita\u00e7\u00e3o de profissionais de TI,experi\u00eancia essa adquirida com mais de 15 anos preparando alunos para as mais importantes certifica\u00e7\u00f5es, entre elas MCSA Microsoft e LPI Linux.<\/p>\t\t\t\t\t\t<\/div>\n\t\t\t\t<\/div>\n\t\t\t\t\t<\/div>\n\t\t<\/div>\n\t\t\t\t\t<\/div>\n\t\t<\/section>\n\t\t\t\t<footer class=\"elementor-section elementor-top-section elementor-element elementor-element-cf76b6c elementor-section-boxed elementor-section-height-default elementor-section-height-default\" data-id=\"cf76b6c\" data-element_type=\"section\" data-settings=\"{&quot;background_background&quot;:&quot;classic&quot;,&quot;_ha_eqh_enable&quot;:false}\">\n\t\t\t\t\t\t<div class=\"elementor-container elementor-column-gap-default\">\n\t\t\t\t\t<div class=\"elementor-column elementor-col-100 elementor-top-column elementor-element elementor-element-300d71f\" data-id=\"300d71f\" data-element_type=\"column\">\n\t\t\t<div class=\"elementor-widget-wrap elementor-element-populated\">\n\t\t\t\t\t\t<div class=\"elementor-element elementor-element-1ede63c elementor-widget elementor-widget-spacer\" data-id=\"1ede63c\" data-element_type=\"widget\" data-widget_type=\"spacer.default\">\n\t\t\t\t<div class=\"elementor-widget-container\">\n\t\t\t\t\t<div class=\"elementor-spacer\">\n\t\t\t<div class=\"elementor-spacer-inner\"><\/div>\n\t\t<\/div>\n\t\t\t\t<\/div>\n\t\t\t\t<\/div>\n\t\t\t\t<div class=\"elementor-element elementor-element-e314cb9 elementor-widget elementor-widget-heading\" data-id=\"e314cb9\" data-element_type=\"widget\" data-widget_type=\"heading.default\">\n\t\t\t\t<div class=\"elementor-widget-container\">\n\t\t\t<h3 class=\"elementor-heading-title elementor-size-small\">Copyright \u00a9 2018. All Rights Reserved.<br>AP SILVA NEGOCIOS DIGITAIS - EIRELI<\/h3>\t\t<\/div>\n\t\t\t\t<\/div>\n\t\t\t\t\t<\/div>\n\t\t<\/div>\n\t\t\t\t\t<\/div>\n\t\t<\/footer>\n\t\t\t\t<\/div>\n\t\t","protected":false},"excerpt":{"rendered":"<p>Ebook Checklist Samba 4 Aumente a efici\u00eancia do seu projeto de Active Directory e servidor de arquivos Linux com a este checklist. O guia para n\u00e3o errar na implata\u00e7\u00e3o do Samba 4. 12 \u00cdTENS A SEREM ANALIZADOSantes De colocar em produ\u00e7\u00e3o \u00a0Requisitos do Servidor\u00a0\u00a0Escolha da distribui\u00e7\u00e3o\u00a0\u00a0Modo de Instala\u00e7\u00e3o\u00a0\u00a0Escolha de HDs\u00a0\u00a0Armazenamento\u00a0\u00a0\u00a0Sistema de arquivos\u00a0\u00a0Particionamento\u00a0\u00a0O Papel do Samba\u00a0\u00a0Escolha [&hellip;]<\/p>\n","protected":false},"author":1,"featured_media":3286,"parent":0,"menu_order":0,"comment_status":"closed","ping_status":"closed","template":"elementor_canvas","meta":{"inline_featured_image":false,"footnotes":""},"yoast_head":"<!-- This site is optimized with the Yoast SEO plugin v22.2 - https:\/\/yoast.com\/wordpress\/plugins\/seo\/ -->\n<title>Ebook Gr\u00e1tis Checklist Samba 4 - Vers\u00e3o Atualizada Gr\u00e1tis<\/title>\n<meta name=\"description\" content=\"12 \u00edtens para um projeto eficiente de Active Directory e Servidor de Arquivos Linux\" \/>\n<meta name=\"robots\" content=\"index, follow, max-snippet:-1, max-image-preview:large, max-video-preview:-1\" \/>\n<link rel=\"canonical\" href=\"https:\/\/astreinamentos.com.br\/lk\/ebook-checklist-samba\/\" \/>\n<meta property=\"og:locale\" content=\"pt_BR\" \/>\n<meta property=\"og:type\" content=\"article\" \/>\n<meta property=\"og:title\" content=\"Ebook Gr\u00e1tis Checklist Samba 4 - Vers\u00e3o Atualizada Gr\u00e1tis\" \/>\n<meta property=\"og:description\" content=\"12 \u00edtens para um projeto eficiente de Active Directory e Servidor de Arquivos Linux\" \/>\n<meta property=\"og:url\" content=\"https:\/\/astreinamentos.com.br\/lk\/ebook-checklist-samba\/\" \/>\n<meta property=\"og:site_name\" content=\"AS\" \/>\n<meta property=\"article:publisher\" content=\"http:\/\/facebook.com.br\/astreinamentos\" \/>\n<meta property=\"article:modified_time\" content=\"2023-05-02T20:28:14+00:00\" \/>\n<meta property=\"og:image\" content=\"https:\/\/astreinamentos.com.br\/lk\/wp-content\/uploads\/2020\/03\/ANUNCIO01.png\" \/>\n\t<meta property=\"og:image:width\" content=\"1200\" \/>\n\t<meta property=\"og:image:height\" content=\"628\" \/>\n\t<meta property=\"og:image:type\" content=\"image\/png\" \/>\n<meta name=\"twitter:card\" content=\"summary_large_image\" \/>\n<meta name=\"twitter:label1\" content=\"Est. tempo de leitura\" \/>\n\t<meta name=\"twitter:data1\" content=\"4 minutos\" \/>\n<script type=\"application\/ld+json\" class=\"yoast-schema-graph\">{\"@context\":\"https:\/\/schema.org\",\"@graph\":[{\"@type\":\"WebPage\",\"@id\":\"https:\/\/astreinamentos.com.br\/lk\/ebook-checklist-samba\/\",\"url\":\"https:\/\/astreinamentos.com.br\/lk\/ebook-checklist-samba\/\",\"name\":\"Ebook Gr\u00e1tis Checklist Samba 4 - Vers\u00e3o Atualizada Gr\u00e1tis\",\"isPartOf\":{\"@id\":\"https:\/\/astreinamentos.com.br\/lk\/#website\"},\"primaryImageOfPage\":{\"@id\":\"https:\/\/astreinamentos.com.br\/lk\/ebook-checklist-samba\/#primaryimage\"},\"image\":{\"@id\":\"https:\/\/astreinamentos.com.br\/lk\/ebook-checklist-samba\/#primaryimage\"},\"thumbnailUrl\":\"https:\/\/astreinamentos.com.br\/lk\/wp-content\/uploads\/2020\/03\/ANUNCIO01.png\",\"datePublished\":\"2019-07-22T19:17:17+00:00\",\"dateModified\":\"2023-05-02T20:28:14+00:00\",\"description\":\"12 \u00edtens para um projeto eficiente de Active Directory e Servidor de Arquivos Linux\",\"breadcrumb\":{\"@id\":\"https:\/\/astreinamentos.com.br\/lk\/ebook-checklist-samba\/#breadcrumb\"},\"inLanguage\":\"pt-BR\",\"potentialAction\":[{\"@type\":\"ReadAction\",\"target\":[\"https:\/\/astreinamentos.com.br\/lk\/ebook-checklist-samba\/\"]}]},{\"@type\":\"ImageObject\",\"inLanguage\":\"pt-BR\",\"@id\":\"https:\/\/astreinamentos.com.br\/lk\/ebook-checklist-samba\/#primaryimage\",\"url\":\"https:\/\/astreinamentos.com.br\/lk\/wp-content\/uploads\/2020\/03\/ANUNCIO01.png\",\"contentUrl\":\"https:\/\/astreinamentos.com.br\/lk\/wp-content\/uploads\/2020\/03\/ANUNCIO01.png\",\"width\":1200,\"height\":628},{\"@type\":\"BreadcrumbList\",\"@id\":\"https:\/\/astreinamentos.com.br\/lk\/ebook-checklist-samba\/#breadcrumb\",\"itemListElement\":[{\"@type\":\"ListItem\",\"position\":1,\"name\":\"Home\",\"item\":\"https:\/\/astreinamentos.com.br\/lk\/\"},{\"@type\":\"ListItem\",\"position\":2,\"name\":\"Ebook Gr\u00e1tis Checklist Samba 4 &#8211; Vers\u00e3o Atualizada Gr\u00e1tis\"}]},{\"@type\":\"WebSite\",\"@id\":\"https:\/\/astreinamentos.com.br\/lk\/#website\",\"url\":\"https:\/\/astreinamentos.com.br\/lk\/\",\"name\":\"AS\",\"description\":\"AS\",\"publisher\":{\"@id\":\"https:\/\/astreinamentos.com.br\/lk\/#organization\"},\"potentialAction\":[{\"@type\":\"SearchAction\",\"target\":{\"@type\":\"EntryPoint\",\"urlTemplate\":\"https:\/\/astreinamentos.com.br\/lk\/?s={search_term_string}\"},\"query-input\":\"required name=search_term_string\"}],\"inLanguage\":\"pt-BR\"},{\"@type\":\"Organization\",\"@id\":\"https:\/\/astreinamentos.com.br\/lk\/#organization\",\"name\":\"AS Consultoria & Treinamentos\",\"url\":\"https:\/\/astreinamentos.com.br\/lk\/\",\"logo\":{\"@type\":\"ImageObject\",\"inLanguage\":\"pt-BR\",\"@id\":\"https:\/\/astreinamentos.com.br\/lk\/#\/schema\/logo\/image\/\",\"url\":\"https:\/\/astreinamentos.com.br\/lk\/wp-content\/uploads\/2017\/08\/logo-correto.png\",\"contentUrl\":\"https:\/\/astreinamentos.com.br\/lk\/wp-content\/uploads\/2017\/08\/logo-correto.png\",\"width\":440,\"height\":440,\"caption\":\"AS Consultoria & Treinamentos\"},\"image\":{\"@id\":\"https:\/\/astreinamentos.com.br\/lk\/#\/schema\/logo\/image\/\"},\"sameAs\":[\"http:\/\/facebook.com.br\/astreinamentos\",\"https:\/\/www.youtube.com\/user\/astreinamentos\"]}]}<\/script>\n<!-- \/ Yoast SEO plugin. -->","yoast_head_json":{"title":"Ebook Gr\u00e1tis Checklist Samba 4 - Vers\u00e3o Atualizada Gr\u00e1tis","description":"12 \u00edtens para um projeto eficiente de Active Directory e Servidor de Arquivos Linux","robots":{"index":"index","follow":"follow","max-snippet":"max-snippet:-1","max-image-preview":"max-image-preview:large","max-video-preview":"max-video-preview:-1"},"canonical":"https:\/\/astreinamentos.com.br\/lk\/ebook-checklist-samba\/","og_locale":"pt_BR","og_type":"article","og_title":"Ebook Gr\u00e1tis Checklist Samba 4 - Vers\u00e3o Atualizada Gr\u00e1tis","og_description":"12 \u00edtens para um projeto eficiente de Active Directory e Servidor de Arquivos Linux","og_url":"https:\/\/astreinamentos.com.br\/lk\/ebook-checklist-samba\/","og_site_name":"AS","article_publisher":"http:\/\/facebook.com.br\/astreinamentos","article_modified_time":"2023-05-02T20:28:14+00:00","og_image":[{"width":1200,"height":628,"url":"https:\/\/astreinamentos.com.br\/lk\/wp-content\/uploads\/2020\/03\/ANUNCIO01.png","type":"image\/png"}],"twitter_card":"summary_large_image","twitter_misc":{"Est. tempo de leitura":"4 minutos"},"schema":{"@context":"https:\/\/schema.org","@graph":[{"@type":"WebPage","@id":"https:\/\/astreinamentos.com.br\/lk\/ebook-checklist-samba\/","url":"https:\/\/astreinamentos.com.br\/lk\/ebook-checklist-samba\/","name":"Ebook Gr\u00e1tis Checklist Samba 4 - Vers\u00e3o Atualizada Gr\u00e1tis","isPartOf":{"@id":"https:\/\/astreinamentos.com.br\/lk\/#website"},"primaryImageOfPage":{"@id":"https:\/\/astreinamentos.com.br\/lk\/ebook-checklist-samba\/#primaryimage"},"image":{"@id":"https:\/\/astreinamentos.com.br\/lk\/ebook-checklist-samba\/#primaryimage"},"thumbnailUrl":"https:\/\/astreinamentos.com.br\/lk\/wp-content\/uploads\/2020\/03\/ANUNCIO01.png","datePublished":"2019-07-22T19:17:17+00:00","dateModified":"2023-05-02T20:28:14+00:00","description":"12 \u00edtens para um projeto eficiente de Active Directory e Servidor de Arquivos Linux","breadcrumb":{"@id":"https:\/\/astreinamentos.com.br\/lk\/ebook-checklist-samba\/#breadcrumb"},"inLanguage":"pt-BR","potentialAction":[{"@type":"ReadAction","target":["https:\/\/astreinamentos.com.br\/lk\/ebook-checklist-samba\/"]}]},{"@type":"ImageObject","inLanguage":"pt-BR","@id":"https:\/\/astreinamentos.com.br\/lk\/ebook-checklist-samba\/#primaryimage","url":"https:\/\/astreinamentos.com.br\/lk\/wp-content\/uploads\/2020\/03\/ANUNCIO01.png","contentUrl":"https:\/\/astreinamentos.com.br\/lk\/wp-content\/uploads\/2020\/03\/ANUNCIO01.png","width":1200,"height":628},{"@type":"BreadcrumbList","@id":"https:\/\/astreinamentos.com.br\/lk\/ebook-checklist-samba\/#breadcrumb","itemListElement":[{"@type":"ListItem","position":1,"name":"Home","item":"https:\/\/astreinamentos.com.br\/lk\/"},{"@type":"ListItem","position":2,"name":"Ebook Gr\u00e1tis Checklist Samba 4 &#8211; Vers\u00e3o Atualizada Gr\u00e1tis"}]},{"@type":"WebSite","@id":"https:\/\/astreinamentos.com.br\/lk\/#website","url":"https:\/\/astreinamentos.com.br\/lk\/","name":"AS","description":"AS","publisher":{"@id":"https:\/\/astreinamentos.com.br\/lk\/#organization"},"potentialAction":[{"@type":"SearchAction","target":{"@type":"EntryPoint","urlTemplate":"https:\/\/astreinamentos.com.br\/lk\/?s={search_term_string}"},"query-input":"required name=search_term_string"}],"inLanguage":"pt-BR"},{"@type":"Organization","@id":"https:\/\/astreinamentos.com.br\/lk\/#organization","name":"AS Consultoria & Treinamentos","url":"https:\/\/astreinamentos.com.br\/lk\/","logo":{"@type":"ImageObject","inLanguage":"pt-BR","@id":"https:\/\/astreinamentos.com.br\/lk\/#\/schema\/logo\/image\/","url":"https:\/\/astreinamentos.com.br\/lk\/wp-content\/uploads\/2017\/08\/logo-correto.png","contentUrl":"https:\/\/astreinamentos.com.br\/lk\/wp-content\/uploads\/2017\/08\/logo-correto.png","width":440,"height":440,"caption":"AS Consultoria & Treinamentos"},"image":{"@id":"https:\/\/astreinamentos.com.br\/lk\/#\/schema\/logo\/image\/"},"sameAs":["http:\/\/facebook.com.br\/astreinamentos","https:\/\/www.youtube.com\/user\/astreinamentos"]}]}},"_links":{"self":[{"href":"https:\/\/astreinamentos.com.br\/lk\/wp-json\/wp\/v2\/pages\/2448"}],"collection":[{"href":"https:\/\/astreinamentos.com.br\/lk\/wp-json\/wp\/v2\/pages"}],"about":[{"href":"https:\/\/astreinamentos.com.br\/lk\/wp-json\/wp\/v2\/types\/page"}],"author":[{"embeddable":true,"href":"https:\/\/astreinamentos.com.br\/lk\/wp-json\/wp\/v2\/users\/1"}],"replies":[{"embeddable":true,"href":"https:\/\/astreinamentos.com.br\/lk\/wp-json\/wp\/v2\/comments?post=2448"}],"version-history":[{"count":60,"href":"https:\/\/astreinamentos.com.br\/lk\/wp-json\/wp\/v2\/pages\/2448\/revisions"}],"predecessor-version":[{"id":6409,"href":"https:\/\/astreinamentos.com.br\/lk\/wp-json\/wp\/v2\/pages\/2448\/revisions\/6409"}],"wp:featuredmedia":[{"embeddable":true,"href":"https:\/\/astreinamentos.com.br\/lk\/wp-json\/wp\/v2\/media\/3286"}],"wp:attachment":[{"href":"https:\/\/astreinamentos.com.br\/lk\/wp-json\/wp\/v2\/media?parent=2448"}],"curies":[{"name":"wp","href":"https:\/\/api.w.org\/{rel}","templated":true}]}}